{"id":347622,"date":"2022-06-16T14:53:50","date_gmt":"2022-06-16T12:53:50","guid":{"rendered":"https:\/\/www.fincasolivares.com\/?page_id=347622"},"modified":"2022-06-28T11:34:48","modified_gmt":"2022-06-28T09:34:48","slug":"politica-de-cookies","status":"publish","type":"page","link":"https:\/\/www.fincasolivares.com\/ca\/politica-de-cookies\/","title":{"rendered":"Politica de cookies"},"content":{"rendered":"\n<p>El portal web inclour\u00e0 la primera vegada que accedeixi un usuari un banner amb un av\u00eds sobre l&#8217;\u00fas de cookies, sol\u00b7licitant la seva acceptaci\u00f3 i un link a la pol\u00edtica de cookies amb acc\u00e9s al text seg\u00fcent:<\/p>\n\n\n\n<p>www. fincasolivares.com utilitza cookies que es quedaran emmagatzemades a l&#8217;ordinador. Les cookies s\u00f3n petits fitxers que el nostre ordinador envia al seu, per\u00f2 que no ens proporcionen informaci\u00f3 ni sobre el seu nom, ni sobre qualsevol dada de car\u00e0cter personal seu.<\/p>\n\n\n\n<p>Les cookies que utilitzem no poden llegir dades del vostre ordinador ni llegir les cookies que hi hagi al vostre ordinador. Quan l&#8217;usuari es trobe navegant per les p\u00e0gines web www.fincasolivares.com; el servidor on es troba allotjada reconeix autom\u00e0ticament l&#8217;adre\u00e7a IP del vostre ordinador, el dia i l&#8217;hora en qu\u00e8 comen\u00e7a la visita, en qu\u00e8 abandona la visita, aix\u00ed com informaci\u00f3 sobre les diferents seccions consultades.<\/p>\n\n\n\n<p>Cal que el servidor conegui aquestes dades per poder comunicar-se i enviar-li la petici\u00f3 realitzada i que a trav\u00e9s del navegador es pugui veure a la pantalla. Si ho desitgeu podeu configurar el vostre navegador de manera que us avisi a la pantalla si rebeu una galeta. L&#8217;usuari pot configurar el vostre ordinador de manera que no rebi aquestes cookies, aquest fet no impedir\u00e0 que es pugui accedir a la informaci\u00f3 del lloc web www.fincasolivares.com<\/p>\n","protected":false},"excerpt":{"rendered":"<p>El portal web inclour\u00e0 la primera vegada que accedeixi un usuari un banner amb un av\u00eds sobre l&#8217;\u00fas de cookies, sol\u00b7licitant la seva acceptaci\u00f3 i un link a la pol\u00edtica de cookies amb acc\u00e9s al text seg\u00fcent: www. fincasolivares.com utilitza cookies que es quedaran emmagatzemades a l&#8217;ordinador. Les cookies s\u00f3n petits fitxers que el nostre [&hellip;]<\/p>\n","protected":false},"author":7,"featured_media":0,"parent":0,"menu_order":0,"comment_status":"closed","ping_status":"closed","template":"","meta":{"_et_pb_use_builder":"on","_et_pb_old_content":"","_et_gb_content_width":"","_joinchat":[],"footnotes":""},"class_list":["post-347622","page","type-page","status-publish","hentry"],"yoast_head":"<!-- This site is optimized with the Yoast SEO plugin v27.5 - https:\/\/yoast.com\/product\/yoast-seo-wordpress\/ -->\n<title>Politica de cookies - Fincas Olivares<\/title>\n<meta name=\"robots\" content=\"index, follow, max-snippet:-1, max-image-preview:large, max-video-preview:-1\" \/>\n<link rel=\"canonical\" href=\"https:\/\/www.fincasolivares.com\/ca\/politica-de-cookies\/\" \/>\n<meta property=\"og:locale\" content=\"ca_ES\" \/>\n<meta property=\"og:type\" content=\"article\" \/>\n<meta property=\"og:title\" content=\"Politica de cookies - Fincas Olivares\" \/>\n<meta property=\"og:description\" content=\"El portal web inclour\u00e0 la primera vegada que accedeixi un usuari un banner amb un av\u00eds sobre l&#039;\u00fas de cookies, sol\u00b7licitant la seva acceptaci\u00f3 i un link a la pol\u00edtica de cookies amb acc\u00e9s al text seg\u00fcent: www. fincasolivares.com utilitza cookies que es quedaran emmagatzemades a l&#039;ordinador. Les cookies s\u00f3n petits fitxers que el nostre [&hellip;]\" \/>\n<meta property=\"og:url\" content=\"https:\/\/www.fincasolivares.com\/ca\/politica-de-cookies\/\" \/>\n<meta property=\"og:site_name\" content=\"Fincas Olivares\" \/>\n<meta property=\"article:publisher\" content=\"https:\/\/www.facebook.com\/FincasOlivares\" \/>\n<meta property=\"article:modified_time\" content=\"2022-06-28T09:34:48+00:00\" \/>\n<meta name=\"twitter:card\" content=\"summary_large_image\" \/>\n<meta name=\"twitter:label1\" content=\"Temps estimat de lectura\" \/>\n\t<meta name=\"twitter:data1\" content=\"2 minuts\" \/>\n<script type=\"application\/ld+json\" class=\"yoast-schema-graph\">{\"@context\":\"https:\\\/\\\/schema.org\",\"@graph\":[{\"@type\":\"WebPage\",\"@id\":\"https:\\\/\\\/www.fincasolivares.com\\\/ca\\\/politica-de-cookies\\\/\",\"url\":\"https:\\\/\\\/www.fincasolivares.com\\\/ca\\\/politica-de-cookies\\\/\",\"name\":\"Politica de cookies - Fincas Olivares\",\"isPartOf\":{\"@id\":\"https:\\\/\\\/www.fincasolivares.com\\\/ca\\\/#website\"},\"datePublished\":\"2022-06-16T12:53:50+00:00\",\"dateModified\":\"2022-06-28T09:34:48+00:00\",\"breadcrumb\":{\"@id\":\"https:\\\/\\\/www.fincasolivares.com\\\/ca\\\/politica-de-cookies\\\/#breadcrumb\"},\"inLanguage\":\"ca\",\"potentialAction\":[{\"@type\":\"ReadAction\",\"target\":[\"https:\\\/\\\/www.fincasolivares.com\\\/ca\\\/politica-de-cookies\\\/\"]}]},{\"@type\":\"BreadcrumbList\",\"@id\":\"https:\\\/\\\/www.fincasolivares.com\\\/ca\\\/politica-de-cookies\\\/#breadcrumb\",\"itemListElement\":[{\"@type\":\"ListItem\",\"position\":1,\"name\":\"Portada\",\"item\":\"https:\\\/\\\/www.fincasolivares.com\\\/ca\\\/\"},{\"@type\":\"ListItem\",\"position\":2,\"name\":\"Politica de cookies\"}]},{\"@type\":\"WebSite\",\"@id\":\"https:\\\/\\\/www.fincasolivares.com\\\/ca\\\/#website\",\"url\":\"https:\\\/\\\/www.fincasolivares.com\\\/ca\\\/\",\"name\":\"Fincas Olivares\",\"description\":\"Administrador de Fincas en Barcelona\",\"publisher\":{\"@id\":\"https:\\\/\\\/www.fincasolivares.com\\\/ca\\\/#organization\"},\"potentialAction\":[{\"@type\":\"SearchAction\",\"target\":{\"@type\":\"EntryPoint\",\"urlTemplate\":\"https:\\\/\\\/www.fincasolivares.com\\\/ca\\\/?s={search_term_string}\"},\"query-input\":{\"@type\":\"PropertyValueSpecification\",\"valueRequired\":true,\"valueName\":\"search_term_string\"}}],\"inLanguage\":\"ca\"},{\"@type\":\"Organization\",\"@id\":\"https:\\\/\\\/www.fincasolivares.com\\\/ca\\\/#organization\",\"name\":\"Fincas Olivares\",\"url\":\"https:\\\/\\\/www.fincasolivares.com\\\/ca\\\/\",\"logo\":{\"@type\":\"ImageObject\",\"inLanguage\":\"ca\",\"@id\":\"https:\\\/\\\/www.fincasolivares.com\\\/ca\\\/#\\\/schema\\\/logo\\\/image\\\/\",\"url\":\"https:\\\/\\\/www.fincasolivares.com\\\/wp-content\\\/uploads\\\/2021\\\/07\\\/Logo-Olivares-1.png\",\"contentUrl\":\"https:\\\/\\\/www.fincasolivares.com\\\/wp-content\\\/uploads\\\/2021\\\/07\\\/Logo-Olivares-1.png\",\"width\":288,\"height\":288,\"caption\":\"Fincas Olivares\"},\"image\":{\"@id\":\"https:\\\/\\\/www.fincasolivares.com\\\/ca\\\/#\\\/schema\\\/logo\\\/image\\\/\"},\"sameAs\":[\"https:\\\/\\\/www.facebook.com\\\/FincasOlivares\"]}]}<\/script>\n<!-- \/ Yoast SEO plugin. -->","yoast_head_json":{"title":"Politica de cookies - Fincas Olivares","robots":{"index":"index","follow":"follow","max-snippet":"max-snippet:-1","max-image-preview":"max-image-preview:large","max-video-preview":"max-video-preview:-1"},"canonical":"https:\/\/www.fincasolivares.com\/ca\/politica-de-cookies\/","og_locale":"ca_ES","og_type":"article","og_title":"Politica de cookies - Fincas Olivares","og_description":"El portal web inclour\u00e0 la primera vegada que accedeixi un usuari un banner amb un av\u00eds sobre l'\u00fas de cookies, sol\u00b7licitant la seva acceptaci\u00f3 i un link a la pol\u00edtica de cookies amb acc\u00e9s al text seg\u00fcent: www. fincasolivares.com utilitza cookies que es quedaran emmagatzemades a l'ordinador. Les cookies s\u00f3n petits fitxers que el nostre [&hellip;]","og_url":"https:\/\/www.fincasolivares.com\/ca\/politica-de-cookies\/","og_site_name":"Fincas Olivares","article_publisher":"https:\/\/www.facebook.com\/FincasOlivares","article_modified_time":"2022-06-28T09:34:48+00:00","twitter_card":"summary_large_image","twitter_misc":{"Temps estimat de lectura":"2 minuts"},"schema":{"@context":"https:\/\/schema.org","@graph":[{"@type":"WebPage","@id":"https:\/\/www.fincasolivares.com\/ca\/politica-de-cookies\/","url":"https:\/\/www.fincasolivares.com\/ca\/politica-de-cookies\/","name":"Politica de cookies - Fincas Olivares","isPartOf":{"@id":"https:\/\/www.fincasolivares.com\/ca\/#website"},"datePublished":"2022-06-16T12:53:50+00:00","dateModified":"2022-06-28T09:34:48+00:00","breadcrumb":{"@id":"https:\/\/www.fincasolivares.com\/ca\/politica-de-cookies\/#breadcrumb"},"inLanguage":"ca","potentialAction":[{"@type":"ReadAction","target":["https:\/\/www.fincasolivares.com\/ca\/politica-de-cookies\/"]}]},{"@type":"BreadcrumbList","@id":"https:\/\/www.fincasolivares.com\/ca\/politica-de-cookies\/#breadcrumb","itemListElement":[{"@type":"ListItem","position":1,"name":"Portada","item":"https:\/\/www.fincasolivares.com\/ca\/"},{"@type":"ListItem","position":2,"name":"Politica de cookies"}]},{"@type":"WebSite","@id":"https:\/\/www.fincasolivares.com\/ca\/#website","url":"https:\/\/www.fincasolivares.com\/ca\/","name":"Fincas Olivares","description":"Administrador de Fincas en Barcelona","publisher":{"@id":"https:\/\/www.fincasolivares.com\/ca\/#organization"},"potentialAction":[{"@type":"SearchAction","target":{"@type":"EntryPoint","urlTemplate":"https:\/\/www.fincasolivares.com\/ca\/?s={search_term_string}"},"query-input":{"@type":"PropertyValueSpecification","valueRequired":true,"valueName":"search_term_string"}}],"inLanguage":"ca"},{"@type":"Organization","@id":"https:\/\/www.fincasolivares.com\/ca\/#organization","name":"Fincas Olivares","url":"https:\/\/www.fincasolivares.com\/ca\/","logo":{"@type":"ImageObject","inLanguage":"ca","@id":"https:\/\/www.fincasolivares.com\/ca\/#\/schema\/logo\/image\/","url":"https:\/\/www.fincasolivares.com\/wp-content\/uploads\/2021\/07\/Logo-Olivares-1.png","contentUrl":"https:\/\/www.fincasolivares.com\/wp-content\/uploads\/2021\/07\/Logo-Olivares-1.png","width":288,"height":288,"caption":"Fincas Olivares"},"image":{"@id":"https:\/\/www.fincasolivares.com\/ca\/#\/schema\/logo\/image\/"},"sameAs":["https:\/\/www.facebook.com\/FincasOlivares"]}]}},"_links":{"self":[{"href":"https:\/\/www.fincasolivares.com\/ca\/wp-json\/wp\/v2\/pages\/347622","targetHints":{"allow":["GET"]}}],"collection":[{"href":"https:\/\/www.fincasolivares.com\/ca\/wp-json\/wp\/v2\/pages"}],"about":[{"href":"https:\/\/www.fincasolivares.com\/ca\/wp-json\/wp\/v2\/types\/page"}],"author":[{"embeddable":true,"href":"https:\/\/www.fincasolivares.com\/ca\/wp-json\/wp\/v2\/users\/7"}],"replies":[{"embeddable":true,"href":"https:\/\/www.fincasolivares.com\/ca\/wp-json\/wp\/v2\/comments?post=347622"}],"version-history":[{"count":0,"href":"https:\/\/www.fincasolivares.com\/ca\/wp-json\/wp\/v2\/pages\/347622\/revisions"}],"wp:attachment":[{"href":"https:\/\/www.fincasolivares.com\/ca\/wp-json\/wp\/v2\/media?parent=347622"}],"curies":[{"name":"wp","href":"https:\/\/api.w.org\/{rel}","templated":true}]}}