{"id":339448,"date":"2021-09-08T08:15:48","date_gmt":"2021-09-08T08:15:48","guid":{"rendered":"https:\/\/www.fincasolivares.com\/care-administracion-comunidades-barcelona\/"},"modified":"2021-10-04T14:12:17","modified_gmt":"2021-10-04T12:12:17","slug":"care-administracio-comunitats-barcelona","status":"publish","type":"page","link":"https:\/\/www.fincasolivares.com\/ca\/servies\/care-administracio-comunitats-barcelona\/","title":{"rendered":"CaRe"},"content":{"rendered":"<p>[et_pb_section fb_built=&#8221;1&#8243; _builder_version=&#8221;4.9.7&#8243; _module_preset=&#8221;default&#8221; custom_padding=&#8221;0px||0px||false|false&#8221;][et_pb_row column_structure=&#8221;1_2,1_2&#8243; _builder_version=&#8221;4.9.7&#8243; _module_preset=&#8221;default&#8221; max_width=&#8221;60%&#8221; max_width_tablet=&#8221;80%&#8221; max_width_phone=&#8221;&#8221; max_width_last_edited=&#8221;on|tablet&#8221; custom_padding=&#8221;0px|||||&#8221;][et_pb_column type=&#8221;1_2&#8243; _builder_version=&#8221;4.9.7&#8243; _module_preset=&#8221;default&#8221;][et_pb_text _builder_version=&#8221;4.9.7&#8243; _module_preset=&#8221;default&#8221; text_text_color=&#8221;#000000&#8243; text_font_size=&#8221;16px&#8221; header_font=&#8221;|800|||||||&#8221; header_font_size=&#8221;60px&#8221; custom_margin=&#8221;20%||||false|false&#8221; animation_style=&#8221;slide&#8221; animation_direction=&#8221;top&#8221; animation_delay=&#8221;150ms&#8221; header_font_size_tablet=&#8221;35px&#8221; header_font_size_phone=&#8221;&#8221; header_font_size_last_edited=&#8221;on|tablet&#8221;]<\/p>\n<h1>Servei CaRe<\/h1>\n<div data-canvas-width=\"215.53733333333335\"><\/div>\n<div>(Calidad Repport)<\/div>\n<p>[\/et_pb_text][et_pb_text _builder_version=&#8221;4.9.7&#8243; _module_preset=&#8221;default&#8221; text_text_color=&#8221;#000000&#8243; text_font_size=&#8221;16px&#8221; header_font=&#8221;|800|||||||&#8221; header_font_size=&#8221;40px&#8221; header_line_height=&#8221;1.2em&#8221; header_2_text_color=&#8221;#000000&#8243; header_2_font_size=&#8221;16px&#8221; custom_margin=&#8221;0.6%||||false|false&#8221;]<\/p>\n<h2><strong>La nostre vocaci\u00f3 es administrar comunitats.<\/strong><\/h2>\n<p>Som conscients que la majoria d\u2019aquestes son a edificis del segle XX, fins i tot del XIX a Barcelona.<br \/>El manteniment ja es imperatiu i tanmateix hi creiem molt.<\/p>\n<h2><strong>Aquest 2019 activem un \u201cfacility\u201d i a cost cero.<\/strong><\/h2>\n<p>Tots coincidim que es essencial mantenir l\u2019habitatge\/finca on residim en les millors condicions possibles per Seguretat, Qualitat de vida, complir normes legals exigents,&#8230; i a mes vetllar per augmentar el valor del seu <strong>patrimoni immobiliari<\/strong> i un xic mes <strong>eficient energ\u00e8ticament<\/strong> (estalvi). Aquest servei es una eina en mans del president, per a la comoditat de tots els administrats, en forma de revisi\u00f3 SEGUROS PARA EL ARRENDATARIO de manteniment preventiu.<\/p>\n<p>[\/et_pb_text][et_pb_button button_url=&#8221;\/ca\/contacte\/&#8221; button_text=&#8221;Demanar informaci\u00f3 sense compromis&#8221; _builder_version=&#8221;4.9.7&#8243; _module_preset=&#8221;default&#8221; custom_button=&#8221;on&#8221; button_text_size=&#8221;16px&#8221; button_text_color=&#8221;#FFFFFF&#8221; button_bg_color=&#8221;#163984&#8243; button_border_width=&#8221;0px&#8221; button_border_radius=&#8221;9px&#8221; animation_style=&#8221;slide&#8221; animation_direction=&#8221;top&#8221; animation_delay=&#8221;150ms&#8221;][\/et_pb_button][\/et_pb_column][et_pb_column type=&#8221;1_2&#8243; _builder_version=&#8221;4.9.7&#8243; _module_preset=&#8221;default&#8221;][et_pb_image src=&#8221;https:\/\/www.fincasolivares.com\/wp-content\/uploads\/2021\/09\/CaRe_boy_layout.jpg&#8221; title_text=&#8221;CaRe_boy_layout&#8221; disabled_on=&#8221;on|on|off&#8221; _builder_version=&#8221;4.9.7&#8243; _module_preset=&#8221;default&#8221; animation_style=&#8221;fade&#8221; animation_duration=&#8221;1500ms&#8221; animation_delay=&#8221;150ms&#8221; animation_starting_opacity=&#8221;6%&#8221; border_radii=&#8221;off||||200px&#8221;][\/et_pb_image][\/et_pb_column][\/et_pb_row][\/et_pb_section][et_pb_section fb_built=&#8221;1&#8243; _builder_version=&#8221;4.9.7&#8243; _module_preset=&#8221;default&#8221; custom_padding=&#8221;0px|||||&#8221;][et_pb_row column_structure=&#8221;3_5,2_5&#8243; _builder_version=&#8221;4.9.7&#8243; _module_preset=&#8221;default&#8221; background_color=&#8221;#dcebf4&#8243; max_width=&#8221;60%&#8221; max_width_tablet=&#8221;80%&#8221; max_width_phone=&#8221;&#8221; max_width_last_edited=&#8221;on|tablet&#8221; min_height=&#8221;452px&#8221; custom_padding=&#8221;30px|30px|35px|30px|false|true&#8221;][et_pb_column type=&#8221;3_5&#8243; _builder_version=&#8221;4.9.7&#8243; _module_preset=&#8221;default&#8221;][et_pb_text _builder_version=&#8221;4.9.7&#8243; _module_preset=&#8221;default&#8221; text_text_color=&#8221;#000000&#8243; text_font_size=&#8221;16px&#8221; header_font=&#8221;|800|||||||&#8221; header_font_size=&#8221;40px&#8221; header_line_height=&#8221;1.2em&#8221; custom_margin=&#8221;0.6%||||false|false&#8221;]<\/p>\n<p>Aix\u00ed, els nostres experts visiten in situ i supervisen l \u0301estat de manteniment de cada finca i el compliment de tots els serveis contractats (neteja, extintors, il\u00b7luminaci\u00f3, tancaments,&#8230;) i avaluen constantment l\u2019estat de tots aquests serveis.<\/p>\n<p>[\/et_pb_text][et_pb_text _builder_version=&#8221;4.9.7&#8243; _module_preset=&#8221;default&#8221; text_text_color=&#8221;#000000&#8243; text_font_size=&#8221;16px&#8221; header_font=&#8221;|800|||||||&#8221; header_font_size=&#8221;40px&#8221; header_line_height=&#8221;1.2em&#8221; header_2_text_color=&#8221;#000000&#8243; header_2_font_size=&#8221;16px&#8221; custom_margin=&#8221;0.6%||||false|false&#8221; hover_enabled=&#8221;0&#8243; sticky_enabled=&#8221;0&#8243;]<\/p>\n<h2><strong>Que fem?<\/strong><\/h2>\n<p>Recollim les dades sobre el terreny i passem la informaci\u00f3 amb un formulari a l\u2019oficial administrador responsable de cada comunitat.<br \/>un formulari a l\u2019oficial administrador responsable de cada<br \/>comunitat.<\/p>\n<p>Obrim un email per recollir queixes, preocupacions o propostes del client propietari.<\/p>\n<p>Vigilem d&#8217;aquesta manera, proactivament i de forma sistem\u00e0tica, l&#8217;estat de conservaci\u00f3 de la casa. I engeguem les possibles mesures correctores en coordinaci\u00f3 amb el President.<\/p>\n<p>[\/et_pb_text][\/et_pb_column][et_pb_column type=&#8221;2_5&#8243; _builder_version=&#8221;4.9.7&#8243; _module_preset=&#8221;default&#8221;][et_pb_image src=&#8221;https:\/\/www.fincasolivares.com\/wp-content\/uploads\/2021\/09\/icon2.jpg&#8221; title_text=&#8221;landing_assegur_3&#8243; _builder_version=&#8221;4.9.7&#8243; _module_preset=&#8221;default&#8221;][\/et_pb_image][\/et_pb_column][\/et_pb_row][et_pb_row column_structure=&#8221;1_4,1_4,1_4,1_4&#8243; _builder_version=&#8221;4.9.7&#8243; _module_preset=&#8221;default&#8221; background_color=&#8221;#dcebf4&#8243; max_width=&#8221;60%&#8221; max_width_tablet=&#8221;80%&#8221; max_width_phone=&#8221;&#8221; max_width_last_edited=&#8221;on|tablet&#8221; custom_padding=&#8221;0px|30px|30px|30px|false|true&#8221;][et_pb_column type=&#8221;1_4&#8243; _builder_version=&#8221;4.9.7&#8243; _module_preset=&#8221;default&#8221;][et_pb_text _builder_version=&#8221;4.9.7&#8243; _module_preset=&#8221;default&#8221; text_text_color=&#8221;#000000&#8243; text_font_size=&#8221;16px&#8221; header_font=&#8221;|800|||||||&#8221; header_font_size=&#8221;40px&#8221; header_line_height=&#8221;1.2em&#8221; custom_margin=&#8221;0.6%||||false|false&#8221;]<\/p>\n<p style=\"text-align: left;\">\u2713 Accessos<br \/>\u2713 Neteja<br \/>\u2713 Jardineria<br \/>\u2713 Aparells elevadors<br \/>\u2713 Equips control incendis<br \/>\u2713 B\u00fasties<br \/>\u2713 Equips d&#8217;emerg\u00e8ncies<br \/>\u2713 Senyaletica<br \/>\u2713 Claraboies<\/p>\n<p>[\/et_pb_text][\/et_pb_column][et_pb_column type=&#8221;1_4&#8243; _builder_version=&#8221;4.9.7&#8243; _module_preset=&#8221;default&#8221;][et_pb_text _builder_version=&#8221;4.9.7&#8243; _module_preset=&#8221;default&#8221; text_text_color=&#8221;#000000&#8243; text_font_size=&#8221;16px&#8221; header_font=&#8221;|800|||||||&#8221; header_font_size=&#8221;40px&#8221; header_line_height=&#8221;1.2em&#8221; custom_margin=&#8221;0.6%||||false|false&#8221;]\u2713 Estanquitat<br \/>\n\u2713 Estat accessoris<br \/>\n\u2713 Vest\u00edbul<br \/>\n\u2713 Ordre<br \/>\n\u2713 Cablejats<br \/>\n\u2713 Estat pintura<br \/>\n\u2713 Uniformitat<br \/>\n\u2713 Est\u00e9tica<br \/>\n\u2713 Control[\/et_pb_text][\/et_pb_column][et_pb_column type=&#8221;1_4&#8243; _builder_version=&#8221;4.9.7&#8243; _module_preset=&#8221;default&#8221;][et_pb_text _builder_version=&#8221;4.9.7&#8243; _module_preset=&#8221;default&#8221; text_text_color=&#8221;#000000&#8243; text_font_size=&#8221;16px&#8221; header_font=&#8221;|800|||||||&#8221; header_font_size=&#8221;40px&#8221; header_line_height=&#8221;1.2em&#8221; custom_margin=&#8221;0.6%||||false|false&#8221;]\u2713 Anti grafits<br \/>\n\u2713 Seguretat<br \/>\n\u2713 Assist\u00e8ncia a Majors<br \/>\n\u2713 Rampes<br \/>\n\u2713 Passamans<br \/>\n\u2713 Urbanitat<br \/>\n\u2713 Comptadors<br \/>\n\u2713 Registres<br \/>\n\u2713 Mecanismes d&#8217;obertura[\/et_pb_text][\/et_pb_column][et_pb_column type=&#8221;1_4&#8243; _builder_version=&#8221;4.9.7&#8243; _module_preset=&#8221;default&#8221;][et_pb_text _builder_version=&#8221;4.9.7&#8243; _module_preset=&#8221;default&#8221; text_text_color=&#8221;#000000&#8243; text_font_size=&#8221;16px&#8221; header_font=&#8221;|800|||||||&#8221; header_font_size=&#8221;40px&#8221; header_line_height=&#8221;1.2em&#8221; custom_margin=&#8221;0.6%||||false|false&#8221;]\u2713 Compliment contractes<br \/>\n\u2713 Ascensor<br \/>\n\u2713 Controls anti vandalisme[\/et_pb_text][\/et_pb_column][\/et_pb_row][\/et_pb_section]<\/p>\n","protected":false},"excerpt":{"rendered":"<p>Servei CaRe (Calidad Repport)La nostre vocaci\u00f3 es administrar comunitats. Som conscients que la majoria d\u2019aquestes son a edificis del segle XX, fins i tot del XIX a Barcelona.El manteniment ja es imperatiu i tanmateix hi creiem molt. Aquest 2019 activem un \u201cfacility\u201d i a cost cero. Tots coincidim que es essencial mantenir l\u2019habitatge\/finca on residim [&hellip;]<\/p>\n","protected":false},"author":7,"featured_media":347337,"parent":339429,"menu_order":0,"comment_status":"closed","ping_status":"closed","template":"","meta":{"_et_pb_use_builder":"on","_et_pb_old_content":"","_et_gb_content_width":"","_joinchat":[],"footnotes":""},"class_list":["post-339448","page","type-page","status-publish","has-post-thumbnail","hentry"],"yoast_head":"<!-- This site is optimized with the Yoast SEO plugin v27.6 - https:\/\/yoast.com\/product\/yoast-seo-wordpress\/ -->\n<title>CaRe - Fincas Olivares<\/title>\n<meta name=\"robots\" content=\"index, follow, max-snippet:-1, max-image-preview:large, max-video-preview:-1\" \/>\n<link rel=\"canonical\" href=\"https:\/\/www.fincasolivares.com\/ca\/servies\/care-administracio-comunitats-barcelona\/\" \/>\n<meta property=\"og:locale\" content=\"ca_ES\" \/>\n<meta property=\"og:type\" content=\"article\" \/>\n<meta property=\"og:title\" content=\"CaRe - Fincas Olivares\" \/>\n<meta property=\"og:description\" content=\"Servei CaRe (Calidad Repport)La nostre vocaci\u00f3 es administrar comunitats. Som conscients que la majoria d\u2019aquestes son a edificis del segle XX, fins i tot del XIX a Barcelona.El manteniment ja es imperatiu i tanmateix hi creiem molt. Aquest 2019 activem un \u201cfacility\u201d i a cost cero. Tots coincidim que es essencial mantenir l\u2019habitatge\/finca on residim [&hellip;]\" \/>\n<meta property=\"og:url\" content=\"https:\/\/www.fincasolivares.com\/ca\/servies\/care-administracio-comunitats-barcelona\/\" \/>\n<meta property=\"og:site_name\" content=\"Fincas Olivares\" \/>\n<meta property=\"article:publisher\" content=\"https:\/\/www.facebook.com\/FincasOlivares\" \/>\n<meta property=\"article:modified_time\" content=\"2021-10-04T12:12:17+00:00\" \/>\n<meta property=\"og:image\" content=\"https:\/\/www.fincasolivares.com\/wp-content\/uploads\/2021\/12\/Fincas-Olivares-CaRe-Administracion-de-Comunidades-en-Barcelona.jpg\" \/>\n\t<meta property=\"og:image:width\" content=\"1080\" \/>\n\t<meta property=\"og:image:height\" content=\"1080\" \/>\n\t<meta property=\"og:image:type\" content=\"image\/jpeg\" \/>\n<meta name=\"twitter:card\" content=\"summary_large_image\" \/>\n<meta name=\"twitter:label1\" content=\"Temps estimat de lectura\" \/>\n\t<meta name=\"twitter:data1\" content=\"3 minuts\" \/>\n<script type=\"application\/ld+json\" class=\"yoast-schema-graph\">{\"@context\":\"https:\\\/\\\/schema.org\",\"@graph\":[{\"@type\":\"WebPage\",\"@id\":\"https:\\\/\\\/www.fincasolivares.com\\\/ca\\\/servies\\\/care-administracio-comunitats-barcelona\\\/\",\"url\":\"https:\\\/\\\/www.fincasolivares.com\\\/ca\\\/servies\\\/care-administracio-comunitats-barcelona\\\/\",\"name\":\"CaRe - Fincas Olivares\",\"isPartOf\":{\"@id\":\"https:\\\/\\\/www.fincasolivares.com\\\/ca\\\/#website\"},\"primaryImageOfPage\":{\"@id\":\"https:\\\/\\\/www.fincasolivares.com\\\/ca\\\/servies\\\/care-administracio-comunitats-barcelona\\\/#primaryimage\"},\"image\":{\"@id\":\"https:\\\/\\\/www.fincasolivares.com\\\/ca\\\/servies\\\/care-administracio-comunitats-barcelona\\\/#primaryimage\"},\"thumbnailUrl\":\"https:\\\/\\\/www.fincasolivares.com\\\/wp-content\\\/uploads\\\/2021\\\/12\\\/Fincas-Olivares-CaRe-Administracion-de-Comunidades-en-Barcelona.jpg\",\"datePublished\":\"2021-09-08T08:15:48+00:00\",\"dateModified\":\"2021-10-04T12:12:17+00:00\",\"breadcrumb\":{\"@id\":\"https:\\\/\\\/www.fincasolivares.com\\\/ca\\\/servies\\\/care-administracio-comunitats-barcelona\\\/#breadcrumb\"},\"inLanguage\":\"ca\",\"potentialAction\":[{\"@type\":\"ReadAction\",\"target\":[\"https:\\\/\\\/www.fincasolivares.com\\\/ca\\\/servies\\\/care-administracio-comunitats-barcelona\\\/\"]}]},{\"@type\":\"ImageObject\",\"inLanguage\":\"ca\",\"@id\":\"https:\\\/\\\/www.fincasolivares.com\\\/ca\\\/servies\\\/care-administracio-comunitats-barcelona\\\/#primaryimage\",\"url\":\"https:\\\/\\\/www.fincasolivares.com\\\/wp-content\\\/uploads\\\/2021\\\/12\\\/Fincas-Olivares-CaRe-Administracion-de-Comunidades-en-Barcelona.jpg\",\"contentUrl\":\"https:\\\/\\\/www.fincasolivares.com\\\/wp-content\\\/uploads\\\/2021\\\/12\\\/Fincas-Olivares-CaRe-Administracion-de-Comunidades-en-Barcelona.jpg\",\"width\":1080,\"height\":1080,\"caption\":\"Fincas Olivares CaRe | Administraci\u00f3n de Comunidades en Barcelona\"},{\"@type\":\"BreadcrumbList\",\"@id\":\"https:\\\/\\\/www.fincasolivares.com\\\/ca\\\/servies\\\/care-administracio-comunitats-barcelona\\\/#breadcrumb\",\"itemListElement\":[{\"@type\":\"ListItem\",\"position\":1,\"name\":\"Portada\",\"item\":\"https:\\\/\\\/www.fincasolivares.com\\\/ca\\\/\"},{\"@type\":\"ListItem\",\"position\":2,\"name\":\"Servies\",\"item\":\"https:\\\/\\\/www.fincasolivares.com\\\/ca\\\/servies\\\/\"},{\"@type\":\"ListItem\",\"position\":3,\"name\":\"CaRe\"}]},{\"@type\":\"WebSite\",\"@id\":\"https:\\\/\\\/www.fincasolivares.com\\\/ca\\\/#website\",\"url\":\"https:\\\/\\\/www.fincasolivares.com\\\/ca\\\/\",\"name\":\"Fincas Olivares\",\"description\":\"Administrador de Fincas en Barcelona\",\"publisher\":{\"@id\":\"https:\\\/\\\/www.fincasolivares.com\\\/ca\\\/#organization\"},\"potentialAction\":[{\"@type\":\"SearchAction\",\"target\":{\"@type\":\"EntryPoint\",\"urlTemplate\":\"https:\\\/\\\/www.fincasolivares.com\\\/ca\\\/?s={search_term_string}\"},\"query-input\":{\"@type\":\"PropertyValueSpecification\",\"valueRequired\":true,\"valueName\":\"search_term_string\"}}],\"inLanguage\":\"ca\"},{\"@type\":\"Organization\",\"@id\":\"https:\\\/\\\/www.fincasolivares.com\\\/ca\\\/#organization\",\"name\":\"Fincas Olivares\",\"url\":\"https:\\\/\\\/www.fincasolivares.com\\\/ca\\\/\",\"logo\":{\"@type\":\"ImageObject\",\"inLanguage\":\"ca\",\"@id\":\"https:\\\/\\\/www.fincasolivares.com\\\/ca\\\/#\\\/schema\\\/logo\\\/image\\\/\",\"url\":\"https:\\\/\\\/www.fincasolivares.com\\\/wp-content\\\/uploads\\\/2021\\\/07\\\/Logo-Olivares-1.png\",\"contentUrl\":\"https:\\\/\\\/www.fincasolivares.com\\\/wp-content\\\/uploads\\\/2021\\\/07\\\/Logo-Olivares-1.png\",\"width\":288,\"height\":288,\"caption\":\"Fincas Olivares\"},\"image\":{\"@id\":\"https:\\\/\\\/www.fincasolivares.com\\\/ca\\\/#\\\/schema\\\/logo\\\/image\\\/\"},\"sameAs\":[\"https:\\\/\\\/www.facebook.com\\\/FincasOlivares\"]}]}<\/script>\n<!-- \/ Yoast SEO plugin. -->","yoast_head_json":{"title":"CaRe - Fincas Olivares","robots":{"index":"index","follow":"follow","max-snippet":"max-snippet:-1","max-image-preview":"max-image-preview:large","max-video-preview":"max-video-preview:-1"},"canonical":"https:\/\/www.fincasolivares.com\/ca\/servies\/care-administracio-comunitats-barcelona\/","og_locale":"ca_ES","og_type":"article","og_title":"CaRe - Fincas Olivares","og_description":"Servei CaRe (Calidad Repport)La nostre vocaci\u00f3 es administrar comunitats. Som conscients que la majoria d\u2019aquestes son a edificis del segle XX, fins i tot del XIX a Barcelona.El manteniment ja es imperatiu i tanmateix hi creiem molt. Aquest 2019 activem un \u201cfacility\u201d i a cost cero. Tots coincidim que es essencial mantenir l\u2019habitatge\/finca on residim [&hellip;]","og_url":"https:\/\/www.fincasolivares.com\/ca\/servies\/care-administracio-comunitats-barcelona\/","og_site_name":"Fincas Olivares","article_publisher":"https:\/\/www.facebook.com\/FincasOlivares","article_modified_time":"2021-10-04T12:12:17+00:00","og_image":[{"width":1080,"height":1080,"url":"https:\/\/www.fincasolivares.com\/wp-content\/uploads\/2021\/12\/Fincas-Olivares-CaRe-Administracion-de-Comunidades-en-Barcelona.jpg","type":"image\/jpeg"}],"twitter_card":"summary_large_image","twitter_misc":{"Temps estimat de lectura":"3 minuts"},"schema":{"@context":"https:\/\/schema.org","@graph":[{"@type":"WebPage","@id":"https:\/\/www.fincasolivares.com\/ca\/servies\/care-administracio-comunitats-barcelona\/","url":"https:\/\/www.fincasolivares.com\/ca\/servies\/care-administracio-comunitats-barcelona\/","name":"CaRe - Fincas Olivares","isPartOf":{"@id":"https:\/\/www.fincasolivares.com\/ca\/#website"},"primaryImageOfPage":{"@id":"https:\/\/www.fincasolivares.com\/ca\/servies\/care-administracio-comunitats-barcelona\/#primaryimage"},"image":{"@id":"https:\/\/www.fincasolivares.com\/ca\/servies\/care-administracio-comunitats-barcelona\/#primaryimage"},"thumbnailUrl":"https:\/\/www.fincasolivares.com\/wp-content\/uploads\/2021\/12\/Fincas-Olivares-CaRe-Administracion-de-Comunidades-en-Barcelona.jpg","datePublished":"2021-09-08T08:15:48+00:00","dateModified":"2021-10-04T12:12:17+00:00","breadcrumb":{"@id":"https:\/\/www.fincasolivares.com\/ca\/servies\/care-administracio-comunitats-barcelona\/#breadcrumb"},"inLanguage":"ca","potentialAction":[{"@type":"ReadAction","target":["https:\/\/www.fincasolivares.com\/ca\/servies\/care-administracio-comunitats-barcelona\/"]}]},{"@type":"ImageObject","inLanguage":"ca","@id":"https:\/\/www.fincasolivares.com\/ca\/servies\/care-administracio-comunitats-barcelona\/#primaryimage","url":"https:\/\/www.fincasolivares.com\/wp-content\/uploads\/2021\/12\/Fincas-Olivares-CaRe-Administracion-de-Comunidades-en-Barcelona.jpg","contentUrl":"https:\/\/www.fincasolivares.com\/wp-content\/uploads\/2021\/12\/Fincas-Olivares-CaRe-Administracion-de-Comunidades-en-Barcelona.jpg","width":1080,"height":1080,"caption":"Fincas Olivares CaRe | Administraci\u00f3n de Comunidades en Barcelona"},{"@type":"BreadcrumbList","@id":"https:\/\/www.fincasolivares.com\/ca\/servies\/care-administracio-comunitats-barcelona\/#breadcrumb","itemListElement":[{"@type":"ListItem","position":1,"name":"Portada","item":"https:\/\/www.fincasolivares.com\/ca\/"},{"@type":"ListItem","position":2,"name":"Servies","item":"https:\/\/www.fincasolivares.com\/ca\/servies\/"},{"@type":"ListItem","position":3,"name":"CaRe"}]},{"@type":"WebSite","@id":"https:\/\/www.fincasolivares.com\/ca\/#website","url":"https:\/\/www.fincasolivares.com\/ca\/","name":"Fincas Olivares","description":"Administrador de Fincas en Barcelona","publisher":{"@id":"https:\/\/www.fincasolivares.com\/ca\/#organization"},"potentialAction":[{"@type":"SearchAction","target":{"@type":"EntryPoint","urlTemplate":"https:\/\/www.fincasolivares.com\/ca\/?s={search_term_string}"},"query-input":{"@type":"PropertyValueSpecification","valueRequired":true,"valueName":"search_term_string"}}],"inLanguage":"ca"},{"@type":"Organization","@id":"https:\/\/www.fincasolivares.com\/ca\/#organization","name":"Fincas Olivares","url":"https:\/\/www.fincasolivares.com\/ca\/","logo":{"@type":"ImageObject","inLanguage":"ca","@id":"https:\/\/www.fincasolivares.com\/ca\/#\/schema\/logo\/image\/","url":"https:\/\/www.fincasolivares.com\/wp-content\/uploads\/2021\/07\/Logo-Olivares-1.png","contentUrl":"https:\/\/www.fincasolivares.com\/wp-content\/uploads\/2021\/07\/Logo-Olivares-1.png","width":288,"height":288,"caption":"Fincas Olivares"},"image":{"@id":"https:\/\/www.fincasolivares.com\/ca\/#\/schema\/logo\/image\/"},"sameAs":["https:\/\/www.facebook.com\/FincasOlivares"]}]}},"_links":{"self":[{"href":"https:\/\/www.fincasolivares.com\/ca\/wp-json\/wp\/v2\/pages\/339448","targetHints":{"allow":["GET"]}}],"collection":[{"href":"https:\/\/www.fincasolivares.com\/ca\/wp-json\/wp\/v2\/pages"}],"about":[{"href":"https:\/\/www.fincasolivares.com\/ca\/wp-json\/wp\/v2\/types\/page"}],"author":[{"embeddable":true,"href":"https:\/\/www.fincasolivares.com\/ca\/wp-json\/wp\/v2\/users\/7"}],"replies":[{"embeddable":true,"href":"https:\/\/www.fincasolivares.com\/ca\/wp-json\/wp\/v2\/comments?post=339448"}],"version-history":[{"count":0,"href":"https:\/\/www.fincasolivares.com\/ca\/wp-json\/wp\/v2\/pages\/339448\/revisions"}],"up":[{"embeddable":true,"href":"https:\/\/www.fincasolivares.com\/ca\/wp-json\/wp\/v2\/pages\/339429"}],"wp:featuredmedia":[{"embeddable":true,"href":"https:\/\/www.fincasolivares.com\/ca\/wp-json\/wp\/v2\/media\/347337"}],"wp:attachment":[{"href":"https:\/\/www.fincasolivares.com\/ca\/wp-json\/wp\/v2\/media?parent=339448"}],"curies":[{"name":"wp","href":"https:\/\/api.w.org\/{rel}","templated":true}]}}