{"id":338927,"date":"2021-07-15T13:33:56","date_gmt":"2021-07-15T13:33:56","guid":{"rendered":"https:\/\/www.fincasolivares.com\/seguros\/"},"modified":"2021-09-21T10:36:35","modified_gmt":"2021-09-21T10:36:35","slug":"assegurances-barcelona","status":"publish","type":"page","link":"https:\/\/www.fincasolivares.com\/ca\/servies\/assegurances-barcelona\/","title":{"rendered":"Assegurances"},"content":{"rendered":"<p>[et_pb_section fb_built=&#8221;1&#8243; _builder_version=&#8221;4.9.7&#8243; _module_preset=&#8221;default&#8221; custom_padding=&#8221;0px||0px||false|false&#8221;][et_pb_row column_structure=&#8221;1_2,1_2&#8243; _builder_version=&#8221;4.9.7&#8243; _module_preset=&#8221;default&#8221; max_width=&#8221;60%&#8221; max_width_tablet=&#8221;80%&#8221; max_width_phone=&#8221;&#8221; max_width_last_edited=&#8221;on|tablet&#8221; custom_padding=&#8221;0px|||||&#8221;][et_pb_column type=&#8221;1_2&#8243; _builder_version=&#8221;4.9.7&#8243; _module_preset=&#8221;default&#8221;][et_pb_text _builder_version=&#8221;4.9.7&#8243; _module_preset=&#8221;default&#8221; text_text_color=&#8221;#000000&#8243; text_font_size=&#8221;16px&#8221; header_font=&#8221;|800|||||||&#8221; header_font_size=&#8221;60px&#8221; custom_margin=&#8221;20%||||false|false&#8221; animation_style=&#8221;slide&#8221; animation_direction=&#8221;top&#8221; animation_delay=&#8221;150ms&#8221; header_font_size_tablet=&#8221;35px&#8221; header_font_size_phone=&#8221;&#8221; header_font_size_last_edited=&#8221;on|tablet&#8221;]<\/p>\n<h1>Assegurances<\/h1>\n<p>Busquem solucions per donar cobertura al seu patrimoni.<\/p>\n<p>[\/et_pb_text][et_pb_button button_url=&#8221;\/contacto\/&#8221; button_text=&#8221;Contactar ara !&#8221; _builder_version=&#8221;4.9.7&#8243; _module_preset=&#8221;default&#8221; custom_button=&#8221;on&#8221; button_text_size=&#8221;16px&#8221; button_text_color=&#8221;#FFFFFF&#8221; button_bg_color=&#8221;#163984&#8243; button_border_width=&#8221;0px&#8221; button_border_radius=&#8221;9px&#8221; animation_style=&#8221;slide&#8221; animation_direction=&#8221;top&#8221; animation_delay=&#8221;150ms&#8221;][\/et_pb_button][\/et_pb_column][et_pb_column type=&#8221;1_2&#8243; _builder_version=&#8221;4.9.7&#8243; _module_preset=&#8221;default&#8221;][et_pb_image src=&#8221;https:\/\/www.fincasolivares.com\/wp-content\/uploads\/2021\/07\/plantilla.jpg&#8221; title_text=&#8221;plantilla&#8221; disabled_on=&#8221;on|on|off&#8221; _builder_version=&#8221;4.9.7&#8243; _module_preset=&#8221;default&#8221; animation_style=&#8221;fade&#8221; animation_duration=&#8221;1500ms&#8221; animation_delay=&#8221;150ms&#8221; animation_starting_opacity=&#8221;6%&#8221; border_radii=&#8221;off||||200px&#8221;][\/et_pb_image][\/et_pb_column][\/et_pb_row][\/et_pb_section][et_pb_section fb_built=&#8221;1&#8243; _builder_version=&#8221;4.9.7&#8243; _module_preset=&#8221;default&#8221; custom_padding=&#8221;0px|||||&#8221;][et_pb_row _builder_version=&#8221;4.9.7&#8243; _module_preset=&#8221;default&#8221; max_width=&#8221;60%&#8221; max_width_tablet=&#8221;80%&#8221; max_width_phone=&#8221;&#8221; max_width_last_edited=&#8221;on|tablet&#8221; custom_padding=&#8221;26px|||||&#8221; animation_style=&#8221;slide&#8221; animation_direction=&#8221;bottom&#8221;][et_pb_column type=&#8221;4_4&#8243; _builder_version=&#8221;4.9.7&#8243; _module_preset=&#8221;default&#8221;][et_pb_text _builder_version=&#8221;4.9.7&#8243; _module_preset=&#8221;default&#8221; text_text_color=&#8221;#000000&#8243; text_font_size=&#8221;16px&#8221; header_font=&#8221;|800|||||||&#8221; header_font_size=&#8221;40px&#8221; header_line_height=&#8221;1.2em&#8221; custom_margin=&#8221;0.6%||||false|false&#8221;]Actualment tenim a disposici\u00f3 dels nostres clients una gamma de productes personalitzats, que s\u2019adapten a les necessitats de cobertura de cada asseguran\u00e7a en particular.<\/p>\n<p>Tamb\u00e9 els oferim l\u2019atenci\u00f3 personalitzada dels nostres t\u00e8cnics, que l\u2019acompanyaran des de l\u2019elaboraci\u00f3 de el projecte, fins a la contractaci\u00f3 de la p\u00f2lissa i sobretot l\u2019atenci\u00f3 i assessorament de l\u2019sinistre.[\/et_pb_text][et_pb_text _builder_version=&#8221;4.9.7&#8243; _module_preset=&#8221;default&#8221; text_text_color=&#8221;#000000&#8243; text_font_size=&#8221;16px&#8221; header_font=&#8221;|800|||||||&#8221; header_font_size=&#8221;40px&#8221; header_line_height=&#8221;1.2em&#8221; header_2_font=&#8221;|800|||||||&#8221; header_2_font_size=&#8221;40px&#8221; header_2_line_height=&#8221;1.2em&#8221; custom_margin=&#8221;0.6%||||false|false&#8221; header_font_size_tablet=&#8221;35px&#8221; header_font_size_phone=&#8221;&#8221; header_font_size_last_edited=&#8221;on|tablet&#8221; header_2_font_size_tablet=&#8221;35px&#8221; header_2_font_size_phone=&#8221;&#8221; header_2_font_size_last_edited=&#8221;on|tablet&#8221;]<\/p>\n<h2 style=\"text-align: left;\">EXPERTS EN ASSEGURANCES PATRIMONIALS<\/h2>\n<ul>\n<li class=\"tick\" style=\"text-align: left;\">Comunitats de Propietaris i edificis d\u2019habitatges, oficines i garatges<\/li>\n<li class=\"tick\" style=\"text-align: left;\">Llar Propietari<\/li>\n<li class=\"tick\" style=\"text-align: left;\">Llar Inquil\u00ed<\/li>\n<li class=\"tick\" style=\"text-align: left;\">Impagament Lloguers<\/li>\n<li class=\"tick\" style=\"text-align: left;\">Comer\u00e7os i oficines<\/li>\n<\/ul>\n<p>[\/et_pb_text][\/et_pb_column][\/et_pb_row][et_pb_row column_structure=&#8221;1_2,1_2&#8243; _builder_version=&#8221;4.9.7&#8243; _module_preset=&#8221;default&#8221; max_width=&#8221;60%&#8221; max_width_tablet=&#8221;80%&#8221; max_width_phone=&#8221;&#8221; max_width_last_edited=&#8221;on|tablet&#8221; hover_enabled=&#8221;0&#8243; disabled_on=&#8221;on|on|on&#8221; disabled=&#8221;on&#8221; sticky_enabled=&#8221;0&#8243;][et_pb_column type=&#8221;1_2&#8243; _builder_version=&#8221;4.9.7&#8243; _module_preset=&#8221;default&#8221;][et_pb_image src=&#8221;https:\/\/www.fincasolivares.com\/wp-content\/uploads\/2021\/07\/Logo-mutuadepropietarios-540&#215;280-es-300&#215;156-1.png&#8221; title_text=&#8221;Logo-mutuadepropietarios-540&#215;280-es-300&#215;156&#8243; align=&#8221;center&#8221; _builder_version=&#8221;4.9.7&#8243; _module_preset=&#8221;default&#8221; animation_style=&#8221;slide&#8221; animation_direction=&#8221;left&#8221;][\/et_pb_image][\/et_pb_column][et_pb_column type=&#8221;1_2&#8243; _builder_version=&#8221;4.9.7&#8243; _module_preset=&#8221;default&#8221;][et_pb_image src=&#8221;https:\/\/www.fincasolivares.com\/wp-content\/uploads\/2021\/07\/logo_cat_gros-scaled.jpg&#8221; title_text=&#8221;logo_cat_gros&#8221; align=&#8221;center&#8221; _builder_version=&#8221;4.9.7&#8243; _module_preset=&#8221;default&#8221; width=&#8221;75%&#8221; animation_style=&#8221;slide&#8221; animation_direction=&#8221;right&#8221;][\/et_pb_image][\/et_pb_column][\/et_pb_row][\/et_pb_section]<\/p>\n","protected":false},"excerpt":{"rendered":"<p>Assegurances Busquem solucions per donar cobertura al seu patrimoni.Actualment tenim a disposici\u00f3 dels nostres clients una gamma de productes personalitzats, que s\u2019adapten a les necessitats de cobertura de cada asseguran\u00e7a en particular. Tamb\u00e9 els oferim l\u2019atenci\u00f3 personalitzada dels nostres t\u00e8cnics, que l\u2019acompanyaran des de l\u2019elaboraci\u00f3 de el projecte, fins a la contractaci\u00f3 de la p\u00f2lissa [&hellip;]<\/p>\n","protected":false},"author":7,"featured_media":347347,"parent":339429,"menu_order":0,"comment_status":"closed","ping_status":"closed","template":"","meta":{"_et_pb_use_builder":"on","_et_pb_old_content":"","_et_gb_content_width":"","_joinchat":[],"footnotes":""},"class_list":["post-338927","page","type-page","status-publish","has-post-thumbnail","hentry"],"yoast_head":"<!-- This site is optimized with the Yoast SEO plugin v27.6 - https:\/\/yoast.com\/product\/yoast-seo-wordpress\/ -->\n<title>Assegurances - Fincas Olivares<\/title>\n<meta name=\"robots\" content=\"index, follow, max-snippet:-1, max-image-preview:large, max-video-preview:-1\" \/>\n<link rel=\"canonical\" href=\"https:\/\/www.fincasolivares.com\/ca\/servies\/assegurances-barcelona\/\" \/>\n<meta property=\"og:locale\" content=\"ca_ES\" \/>\n<meta property=\"og:type\" content=\"article\" \/>\n<meta property=\"og:title\" content=\"Assegurances - Fincas Olivares\" \/>\n<meta property=\"og:description\" content=\"Assegurances Busquem solucions per donar cobertura al seu patrimoni.Actualment tenim a disposici\u00f3 dels nostres clients una gamma de productes personalitzats, que s\u2019adapten a les necessitats de cobertura de cada asseguran\u00e7a en particular. Tamb\u00e9 els oferim l\u2019atenci\u00f3 personalitzada dels nostres t\u00e8cnics, que l\u2019acompanyaran des de l\u2019elaboraci\u00f3 de el projecte, fins a la contractaci\u00f3 de la p\u00f2lissa [&hellip;]\" \/>\n<meta property=\"og:url\" content=\"https:\/\/www.fincasolivares.com\/ca\/servies\/assegurances-barcelona\/\" \/>\n<meta property=\"og:site_name\" content=\"Fincas Olivares\" \/>\n<meta property=\"article:publisher\" content=\"https:\/\/www.facebook.com\/FincasOlivares\" \/>\n<meta property=\"article:modified_time\" content=\"2021-09-21T10:36:35+00:00\" \/>\n<meta property=\"og:image\" content=\"https:\/\/www.fincasolivares.com\/wp-content\/uploads\/2021\/12\/Fincas-Olivares-Seguros-patrimoniales-en-Barcelona.jpg\" \/>\n\t<meta property=\"og:image:width\" content=\"1080\" \/>\n\t<meta property=\"og:image:height\" content=\"1080\" \/>\n\t<meta property=\"og:image:type\" content=\"image\/jpeg\" \/>\n<meta name=\"twitter:card\" content=\"summary_large_image\" \/>\n<meta name=\"twitter:label1\" content=\"Temps estimat de lectura\" \/>\n\t<meta name=\"twitter:data1\" content=\"1 minut\" \/>\n<script type=\"application\/ld+json\" class=\"yoast-schema-graph\">{\"@context\":\"https:\\\/\\\/schema.org\",\"@graph\":[{\"@type\":\"WebPage\",\"@id\":\"https:\\\/\\\/www.fincasolivares.com\\\/ca\\\/servies\\\/assegurances-barcelona\\\/\",\"url\":\"https:\\\/\\\/www.fincasolivares.com\\\/ca\\\/servies\\\/assegurances-barcelona\\\/\",\"name\":\"Assegurances - Fincas Olivares\",\"isPartOf\":{\"@id\":\"https:\\\/\\\/www.fincasolivares.com\\\/ca\\\/#website\"},\"primaryImageOfPage\":{\"@id\":\"https:\\\/\\\/www.fincasolivares.com\\\/ca\\\/servies\\\/assegurances-barcelona\\\/#primaryimage\"},\"image\":{\"@id\":\"https:\\\/\\\/www.fincasolivares.com\\\/ca\\\/servies\\\/assegurances-barcelona\\\/#primaryimage\"},\"thumbnailUrl\":\"https:\\\/\\\/www.fincasolivares.com\\\/wp-content\\\/uploads\\\/2021\\\/12\\\/Fincas-Olivares-Seguros-patrimoniales-en-Barcelona.jpg\",\"datePublished\":\"2021-07-15T13:33:56+00:00\",\"dateModified\":\"2021-09-21T10:36:35+00:00\",\"breadcrumb\":{\"@id\":\"https:\\\/\\\/www.fincasolivares.com\\\/ca\\\/servies\\\/assegurances-barcelona\\\/#breadcrumb\"},\"inLanguage\":\"ca\",\"potentialAction\":[{\"@type\":\"ReadAction\",\"target\":[\"https:\\\/\\\/www.fincasolivares.com\\\/ca\\\/servies\\\/assegurances-barcelona\\\/\"]}]},{\"@type\":\"ImageObject\",\"inLanguage\":\"ca\",\"@id\":\"https:\\\/\\\/www.fincasolivares.com\\\/ca\\\/servies\\\/assegurances-barcelona\\\/#primaryimage\",\"url\":\"https:\\\/\\\/www.fincasolivares.com\\\/wp-content\\\/uploads\\\/2021\\\/12\\\/Fincas-Olivares-Seguros-patrimoniales-en-Barcelona.jpg\",\"contentUrl\":\"https:\\\/\\\/www.fincasolivares.com\\\/wp-content\\\/uploads\\\/2021\\\/12\\\/Fincas-Olivares-Seguros-patrimoniales-en-Barcelona.jpg\",\"width\":1080,\"height\":1080,\"caption\":\"Fincas Olivares | Seguros patrimoniales en Barcelona\"},{\"@type\":\"BreadcrumbList\",\"@id\":\"https:\\\/\\\/www.fincasolivares.com\\\/ca\\\/servies\\\/assegurances-barcelona\\\/#breadcrumb\",\"itemListElement\":[{\"@type\":\"ListItem\",\"position\":1,\"name\":\"Portada\",\"item\":\"https:\\\/\\\/www.fincasolivares.com\\\/ca\\\/\"},{\"@type\":\"ListItem\",\"position\":2,\"name\":\"Servies\",\"item\":\"https:\\\/\\\/www.fincasolivares.com\\\/ca\\\/servies\\\/\"},{\"@type\":\"ListItem\",\"position\":3,\"name\":\"Assegurances\"}]},{\"@type\":\"WebSite\",\"@id\":\"https:\\\/\\\/www.fincasolivares.com\\\/ca\\\/#website\",\"url\":\"https:\\\/\\\/www.fincasolivares.com\\\/ca\\\/\",\"name\":\"Fincas Olivares\",\"description\":\"Administrador de Fincas en Barcelona\",\"publisher\":{\"@id\":\"https:\\\/\\\/www.fincasolivares.com\\\/ca\\\/#organization\"},\"potentialAction\":[{\"@type\":\"SearchAction\",\"target\":{\"@type\":\"EntryPoint\",\"urlTemplate\":\"https:\\\/\\\/www.fincasolivares.com\\\/ca\\\/?s={search_term_string}\"},\"query-input\":{\"@type\":\"PropertyValueSpecification\",\"valueRequired\":true,\"valueName\":\"search_term_string\"}}],\"inLanguage\":\"ca\"},{\"@type\":\"Organization\",\"@id\":\"https:\\\/\\\/www.fincasolivares.com\\\/ca\\\/#organization\",\"name\":\"Fincas Olivares\",\"url\":\"https:\\\/\\\/www.fincasolivares.com\\\/ca\\\/\",\"logo\":{\"@type\":\"ImageObject\",\"inLanguage\":\"ca\",\"@id\":\"https:\\\/\\\/www.fincasolivares.com\\\/ca\\\/#\\\/schema\\\/logo\\\/image\\\/\",\"url\":\"https:\\\/\\\/www.fincasolivares.com\\\/wp-content\\\/uploads\\\/2021\\\/07\\\/Logo-Olivares-1.png\",\"contentUrl\":\"https:\\\/\\\/www.fincasolivares.com\\\/wp-content\\\/uploads\\\/2021\\\/07\\\/Logo-Olivares-1.png\",\"width\":288,\"height\":288,\"caption\":\"Fincas Olivares\"},\"image\":{\"@id\":\"https:\\\/\\\/www.fincasolivares.com\\\/ca\\\/#\\\/schema\\\/logo\\\/image\\\/\"},\"sameAs\":[\"https:\\\/\\\/www.facebook.com\\\/FincasOlivares\"]}]}<\/script>\n<!-- \/ Yoast SEO plugin. -->","yoast_head_json":{"title":"Assegurances - Fincas Olivares","robots":{"index":"index","follow":"follow","max-snippet":"max-snippet:-1","max-image-preview":"max-image-preview:large","max-video-preview":"max-video-preview:-1"},"canonical":"https:\/\/www.fincasolivares.com\/ca\/servies\/assegurances-barcelona\/","og_locale":"ca_ES","og_type":"article","og_title":"Assegurances - Fincas Olivares","og_description":"Assegurances Busquem solucions per donar cobertura al seu patrimoni.Actualment tenim a disposici\u00f3 dels nostres clients una gamma de productes personalitzats, que s\u2019adapten a les necessitats de cobertura de cada asseguran\u00e7a en particular. Tamb\u00e9 els oferim l\u2019atenci\u00f3 personalitzada dels nostres t\u00e8cnics, que l\u2019acompanyaran des de l\u2019elaboraci\u00f3 de el projecte, fins a la contractaci\u00f3 de la p\u00f2lissa [&hellip;]","og_url":"https:\/\/www.fincasolivares.com\/ca\/servies\/assegurances-barcelona\/","og_site_name":"Fincas Olivares","article_publisher":"https:\/\/www.facebook.com\/FincasOlivares","article_modified_time":"2021-09-21T10:36:35+00:00","og_image":[{"width":1080,"height":1080,"url":"https:\/\/www.fincasolivares.com\/wp-content\/uploads\/2021\/12\/Fincas-Olivares-Seguros-patrimoniales-en-Barcelona.jpg","type":"image\/jpeg"}],"twitter_card":"summary_large_image","twitter_misc":{"Temps estimat de lectura":"1 minut"},"schema":{"@context":"https:\/\/schema.org","@graph":[{"@type":"WebPage","@id":"https:\/\/www.fincasolivares.com\/ca\/servies\/assegurances-barcelona\/","url":"https:\/\/www.fincasolivares.com\/ca\/servies\/assegurances-barcelona\/","name":"Assegurances - Fincas Olivares","isPartOf":{"@id":"https:\/\/www.fincasolivares.com\/ca\/#website"},"primaryImageOfPage":{"@id":"https:\/\/www.fincasolivares.com\/ca\/servies\/assegurances-barcelona\/#primaryimage"},"image":{"@id":"https:\/\/www.fincasolivares.com\/ca\/servies\/assegurances-barcelona\/#primaryimage"},"thumbnailUrl":"https:\/\/www.fincasolivares.com\/wp-content\/uploads\/2021\/12\/Fincas-Olivares-Seguros-patrimoniales-en-Barcelona.jpg","datePublished":"2021-07-15T13:33:56+00:00","dateModified":"2021-09-21T10:36:35+00:00","breadcrumb":{"@id":"https:\/\/www.fincasolivares.com\/ca\/servies\/assegurances-barcelona\/#breadcrumb"},"inLanguage":"ca","potentialAction":[{"@type":"ReadAction","target":["https:\/\/www.fincasolivares.com\/ca\/servies\/assegurances-barcelona\/"]}]},{"@type":"ImageObject","inLanguage":"ca","@id":"https:\/\/www.fincasolivares.com\/ca\/servies\/assegurances-barcelona\/#primaryimage","url":"https:\/\/www.fincasolivares.com\/wp-content\/uploads\/2021\/12\/Fincas-Olivares-Seguros-patrimoniales-en-Barcelona.jpg","contentUrl":"https:\/\/www.fincasolivares.com\/wp-content\/uploads\/2021\/12\/Fincas-Olivares-Seguros-patrimoniales-en-Barcelona.jpg","width":1080,"height":1080,"caption":"Fincas Olivares | Seguros patrimoniales en Barcelona"},{"@type":"BreadcrumbList","@id":"https:\/\/www.fincasolivares.com\/ca\/servies\/assegurances-barcelona\/#breadcrumb","itemListElement":[{"@type":"ListItem","position":1,"name":"Portada","item":"https:\/\/www.fincasolivares.com\/ca\/"},{"@type":"ListItem","position":2,"name":"Servies","item":"https:\/\/www.fincasolivares.com\/ca\/servies\/"},{"@type":"ListItem","position":3,"name":"Assegurances"}]},{"@type":"WebSite","@id":"https:\/\/www.fincasolivares.com\/ca\/#website","url":"https:\/\/www.fincasolivares.com\/ca\/","name":"Fincas Olivares","description":"Administrador de Fincas en Barcelona","publisher":{"@id":"https:\/\/www.fincasolivares.com\/ca\/#organization"},"potentialAction":[{"@type":"SearchAction","target":{"@type":"EntryPoint","urlTemplate":"https:\/\/www.fincasolivares.com\/ca\/?s={search_term_string}"},"query-input":{"@type":"PropertyValueSpecification","valueRequired":true,"valueName":"search_term_string"}}],"inLanguage":"ca"},{"@type":"Organization","@id":"https:\/\/www.fincasolivares.com\/ca\/#organization","name":"Fincas Olivares","url":"https:\/\/www.fincasolivares.com\/ca\/","logo":{"@type":"ImageObject","inLanguage":"ca","@id":"https:\/\/www.fincasolivares.com\/ca\/#\/schema\/logo\/image\/","url":"https:\/\/www.fincasolivares.com\/wp-content\/uploads\/2021\/07\/Logo-Olivares-1.png","contentUrl":"https:\/\/www.fincasolivares.com\/wp-content\/uploads\/2021\/07\/Logo-Olivares-1.png","width":288,"height":288,"caption":"Fincas Olivares"},"image":{"@id":"https:\/\/www.fincasolivares.com\/ca\/#\/schema\/logo\/image\/"},"sameAs":["https:\/\/www.facebook.com\/FincasOlivares"]}]}},"_links":{"self":[{"href":"https:\/\/www.fincasolivares.com\/ca\/wp-json\/wp\/v2\/pages\/338927","targetHints":{"allow":["GET"]}}],"collection":[{"href":"https:\/\/www.fincasolivares.com\/ca\/wp-json\/wp\/v2\/pages"}],"about":[{"href":"https:\/\/www.fincasolivares.com\/ca\/wp-json\/wp\/v2\/types\/page"}],"author":[{"embeddable":true,"href":"https:\/\/www.fincasolivares.com\/ca\/wp-json\/wp\/v2\/users\/7"}],"replies":[{"embeddable":true,"href":"https:\/\/www.fincasolivares.com\/ca\/wp-json\/wp\/v2\/comments?post=338927"}],"version-history":[{"count":0,"href":"https:\/\/www.fincasolivares.com\/ca\/wp-json\/wp\/v2\/pages\/338927\/revisions"}],"up":[{"embeddable":true,"href":"https:\/\/www.fincasolivares.com\/ca\/wp-json\/wp\/v2\/pages\/339429"}],"wp:featuredmedia":[{"embeddable":true,"href":"https:\/\/www.fincasolivares.com\/ca\/wp-json\/wp\/v2\/media\/347347"}],"wp:attachment":[{"href":"https:\/\/www.fincasolivares.com\/ca\/wp-json\/wp\/v2\/media?parent=338927"}],"curies":[{"name":"wp","href":"https:\/\/api.w.org\/{rel}","templated":true}]}}