{"id":338923,"date":"2021-07-15T14:07:13","date_gmt":"2021-07-15T14:07:13","guid":{"rendered":"https:\/\/www.fincasolivares.com\/mediacion\/"},"modified":"2021-10-04T13:57:43","modified_gmt":"2021-10-04T11:57:43","slug":"mediacio-barcelona","status":"publish","type":"page","link":"https:\/\/www.fincasolivares.com\/ca\/servies\/mediacio-barcelona\/","title":{"rendered":"Mediaci\u00f3"},"content":{"rendered":"<p>[et_pb_section fb_built=&#8221;1&#8243; _builder_version=&#8221;4.9.7&#8243; _module_preset=&#8221;default&#8221; custom_padding=&#8221;0px||0px||false|false&#8221;][et_pb_row column_structure=&#8221;1_2,1_2&#8243; _builder_version=&#8221;4.9.7&#8243; _module_preset=&#8221;default&#8221; max_width=&#8221;60%&#8221; max_width_tablet=&#8221;80%&#8221; max_width_phone=&#8221;&#8221; max_width_last_edited=&#8221;on|tablet&#8221; custom_padding=&#8221;0px|||||&#8221;][et_pb_column type=&#8221;1_2&#8243; _builder_version=&#8221;4.9.7&#8243; _module_preset=&#8221;default&#8221;][et_pb_text _builder_version=&#8221;4.9.7&#8243; _module_preset=&#8221;default&#8221; text_text_color=&#8221;#000000&#8243; text_font_size=&#8221;16px&#8221; header_font=&#8221;|800|||||||&#8221; header_font_size=&#8221;60px&#8221; custom_margin=&#8221;20%||||false|false&#8221; animation_style=&#8221;slide&#8221; animation_direction=&#8221;top&#8221; animation_delay=&#8221;150ms&#8221; header_font_size_tablet=&#8221;35px&#8221; header_font_size_phone=&#8221;&#8221; header_font_size_last_edited=&#8221;on|tablet&#8221;]<\/p>\n<h1>Mediaci\u00f3<\/h1>\n<p>\u00c9s una via alternativa de resoluci\u00f3 de conflictes en qu\u00e8 un tercer neutral i imparcial, el mediador, ajuda a les parts a arribar a un acord en el seu conflicte.[\/et_pb_text][et_pb_button button_url=&#8221;\/ca\/contacte\/&#8221; button_text=&#8221;Contactar ara!&#8221; _builder_version=&#8221;4.9.7&#8243; _module_preset=&#8221;default&#8221; custom_button=&#8221;on&#8221; button_text_size=&#8221;16px&#8221; button_text_color=&#8221;#FFFFFF&#8221; button_bg_color=&#8221;#163984&#8243; button_border_width=&#8221;0px&#8221; button_border_radius=&#8221;9px&#8221; animation_style=&#8221;slide&#8221; animation_direction=&#8221;top&#8221; animation_delay=&#8221;150ms&#8221;][\/et_pb_button][\/et_pb_column][et_pb_column type=&#8221;1_2&#8243; _builder_version=&#8221;4.9.7&#8243; _module_preset=&#8221;default&#8221;][et_pb_image src=&#8221;https:\/\/www.fincasolivares.com\/wp-content\/uploads\/2021\/07\/handshacke.jpg&#8221; title_text=&#8221;handshacke&#8221; disabled_on=&#8221;on|on|off&#8221; _builder_version=&#8221;4.9.7&#8243; _module_preset=&#8221;default&#8221; animation_style=&#8221;fade&#8221; animation_duration=&#8221;1500ms&#8221; animation_delay=&#8221;150ms&#8221; animation_starting_opacity=&#8221;6%&#8221; border_radii=&#8221;off||||200px&#8221;][\/et_pb_image][\/et_pb_column][\/et_pb_row][\/et_pb_section][et_pb_section fb_built=&#8221;1&#8243; _builder_version=&#8221;4.9.7&#8243; _module_preset=&#8221;default&#8221; custom_padding=&#8221;0px|||||&#8221;][et_pb_row _builder_version=&#8221;4.9.7&#8243; _module_preset=&#8221;default&#8221; max_width=&#8221;60%&#8221; max_width_tablet=&#8221;80%&#8221; max_width_phone=&#8221;&#8221; max_width_last_edited=&#8221;on|tablet&#8221;][et_pb_column type=&#8221;4_4&#8243; _builder_version=&#8221;4.9.7&#8243; _module_preset=&#8221;default&#8221;][et_pb_text _builder_version=&#8221;4.9.7&#8243; _module_preset=&#8221;default&#8221; text_text_color=&#8221;#000000&#8243; text_font_size=&#8221;16px&#8221; header_font=&#8221;|800|||||||&#8221; header_font_size=&#8221;40px&#8221; header_line_height=&#8221;1.2em&#8221; custom_margin=&#8221;-0.1%||||false|false&#8221; animation_style=&#8221;slide&#8221; animation_direction=&#8221;bottom&#8221; hover_enabled=&#8221;0&#8243; sticky_enabled=&#8221;0&#8243;]<\/p>\n<p><strong>Voluntarietat<\/strong>: \u00e9s un proc\u00e9s totalment voluntari, tant per a les parts com per al mediador, i de qu\u00e8 poden desistir en qualsevol moment.<\/p>\n<p><strong>Confidencialitat<\/strong>: tant de les parts com del mediador respecte a tot el que es tracti dins el proc\u00e9s (converses, documents). Les parts es comprometen a no utilitzar la informaci\u00f3 en un proc\u00e9s judicial contra l\u2019altra part.<\/p>\n<p><strong>Imparcialitat:<\/strong> del mediador respecte a les parts. El mediador no es posicionar\u00e0 ni afavorir a cap d\u2019elles.<\/p>\n<p><strong>Neutralitat<\/strong>: de l\u2019mediador respecte a l\u2019assumpte. El mediador no s\u2019involucrar\u00e0 ni s\u2019imposar\u00e0 cap acord.<\/p>\n<p>[\/et_pb_text][\/et_pb_column][\/et_pb_row][\/et_pb_section]<\/p>\n","protected":false},"excerpt":{"rendered":"<p>Mediaci\u00f3 \u00c9s una via alternativa de resoluci\u00f3 de conflictes en qu\u00e8 un tercer neutral i imparcial, el mediador, ajuda a les parts a arribar a un acord en el seu conflicte.Voluntarietat: \u00e9s un proc\u00e9s totalment voluntari, tant per a les parts com per al mediador, i de qu\u00e8 poden desistir en qualsevol moment. Confidencialitat: tant [&hellip;]<\/p>\n","protected":false},"author":7,"featured_media":347316,"parent":339429,"menu_order":0,"comment_status":"closed","ping_status":"closed","template":"","meta":{"_et_pb_use_builder":"on","_et_pb_old_content":"","_et_gb_content_width":"","_joinchat":[],"footnotes":""},"class_list":["post-338923","page","type-page","status-publish","has-post-thumbnail","hentry"],"yoast_head":"<!-- This site is optimized with the Yoast SEO plugin v27.5 - https:\/\/yoast.com\/product\/yoast-seo-wordpress\/ -->\n<title>Mediaci\u00f3 - Fincas Olivares<\/title>\n<meta name=\"robots\" content=\"index, follow, max-snippet:-1, max-image-preview:large, max-video-preview:-1\" \/>\n<link rel=\"canonical\" href=\"https:\/\/www.fincasolivares.com\/ca\/servies\/mediacio-barcelona\/\" \/>\n<meta property=\"og:locale\" content=\"ca_ES\" \/>\n<meta property=\"og:type\" content=\"article\" \/>\n<meta property=\"og:title\" content=\"Mediaci\u00f3 - Fincas Olivares\" \/>\n<meta property=\"og:description\" content=\"Mediaci\u00f3 \u00c9s una via alternativa de resoluci\u00f3 de conflictes en qu\u00e8 un tercer neutral i imparcial, el mediador, ajuda a les parts a arribar a un acord en el seu conflicte.Voluntarietat: \u00e9s un proc\u00e9s totalment voluntari, tant per a les parts com per al mediador, i de qu\u00e8 poden desistir en qualsevol moment. Confidencialitat: tant [&hellip;]\" \/>\n<meta property=\"og:url\" content=\"https:\/\/www.fincasolivares.com\/ca\/servies\/mediacio-barcelona\/\" \/>\n<meta property=\"og:site_name\" content=\"Fincas Olivares\" \/>\n<meta property=\"article:publisher\" content=\"https:\/\/www.facebook.com\/FincasOlivares\" \/>\n<meta property=\"article:modified_time\" content=\"2021-10-04T11:57:43+00:00\" \/>\n<meta property=\"og:image\" content=\"https:\/\/www.fincasolivares.com\/wp-content\/uploads\/2021\/12\/Fincas-Olivares-Servicio-de-mediacion-inmobiliaria-en-Barcelona.jpg\" \/>\n\t<meta property=\"og:image:width\" content=\"1080\" \/>\n\t<meta property=\"og:image:height\" content=\"1080\" \/>\n\t<meta property=\"og:image:type\" content=\"image\/jpeg\" \/>\n<meta name=\"twitter:card\" content=\"summary_large_image\" \/>\n<meta name=\"twitter:label1\" content=\"Temps estimat de lectura\" \/>\n\t<meta name=\"twitter:data1\" content=\"1 minut\" \/>\n<script type=\"application\/ld+json\" class=\"yoast-schema-graph\">{\"@context\":\"https:\\\/\\\/schema.org\",\"@graph\":[{\"@type\":\"WebPage\",\"@id\":\"https:\\\/\\\/www.fincasolivares.com\\\/ca\\\/servies\\\/mediacio-barcelona\\\/\",\"url\":\"https:\\\/\\\/www.fincasolivares.com\\\/ca\\\/servies\\\/mediacio-barcelona\\\/\",\"name\":\"Mediaci\u00f3 - Fincas Olivares\",\"isPartOf\":{\"@id\":\"https:\\\/\\\/www.fincasolivares.com\\\/ca\\\/#website\"},\"primaryImageOfPage\":{\"@id\":\"https:\\\/\\\/www.fincasolivares.com\\\/ca\\\/servies\\\/mediacio-barcelona\\\/#primaryimage\"},\"image\":{\"@id\":\"https:\\\/\\\/www.fincasolivares.com\\\/ca\\\/servies\\\/mediacio-barcelona\\\/#primaryimage\"},\"thumbnailUrl\":\"https:\\\/\\\/www.fincasolivares.com\\\/wp-content\\\/uploads\\\/2021\\\/12\\\/Fincas-Olivares-Servicio-de-mediacion-inmobiliaria-en-Barcelona.jpg\",\"datePublished\":\"2021-07-15T14:07:13+00:00\",\"dateModified\":\"2021-10-04T11:57:43+00:00\",\"breadcrumb\":{\"@id\":\"https:\\\/\\\/www.fincasolivares.com\\\/ca\\\/servies\\\/mediacio-barcelona\\\/#breadcrumb\"},\"inLanguage\":\"ca\",\"potentialAction\":[{\"@type\":\"ReadAction\",\"target\":[\"https:\\\/\\\/www.fincasolivares.com\\\/ca\\\/servies\\\/mediacio-barcelona\\\/\"]}]},{\"@type\":\"ImageObject\",\"inLanguage\":\"ca\",\"@id\":\"https:\\\/\\\/www.fincasolivares.com\\\/ca\\\/servies\\\/mediacio-barcelona\\\/#primaryimage\",\"url\":\"https:\\\/\\\/www.fincasolivares.com\\\/wp-content\\\/uploads\\\/2021\\\/12\\\/Fincas-Olivares-Servicio-de-mediacion-inmobiliaria-en-Barcelona.jpg\",\"contentUrl\":\"https:\\\/\\\/www.fincasolivares.com\\\/wp-content\\\/uploads\\\/2021\\\/12\\\/Fincas-Olivares-Servicio-de-mediacion-inmobiliaria-en-Barcelona.jpg\",\"width\":1080,\"height\":1080,\"caption\":\"Fincas Olivares | Servicio de mediaci\u00f3n inmobiliaria en Barcelona\"},{\"@type\":\"BreadcrumbList\",\"@id\":\"https:\\\/\\\/www.fincasolivares.com\\\/ca\\\/servies\\\/mediacio-barcelona\\\/#breadcrumb\",\"itemListElement\":[{\"@type\":\"ListItem\",\"position\":1,\"name\":\"Portada\",\"item\":\"https:\\\/\\\/www.fincasolivares.com\\\/ca\\\/\"},{\"@type\":\"ListItem\",\"position\":2,\"name\":\"Servies\",\"item\":\"https:\\\/\\\/www.fincasolivares.com\\\/ca\\\/servies\\\/\"},{\"@type\":\"ListItem\",\"position\":3,\"name\":\"Mediaci\u00f3\"}]},{\"@type\":\"WebSite\",\"@id\":\"https:\\\/\\\/www.fincasolivares.com\\\/ca\\\/#website\",\"url\":\"https:\\\/\\\/www.fincasolivares.com\\\/ca\\\/\",\"name\":\"Fincas Olivares\",\"description\":\"Administrador de Fincas en Barcelona\",\"publisher\":{\"@id\":\"https:\\\/\\\/www.fincasolivares.com\\\/ca\\\/#organization\"},\"potentialAction\":[{\"@type\":\"SearchAction\",\"target\":{\"@type\":\"EntryPoint\",\"urlTemplate\":\"https:\\\/\\\/www.fincasolivares.com\\\/ca\\\/?s={search_term_string}\"},\"query-input\":{\"@type\":\"PropertyValueSpecification\",\"valueRequired\":true,\"valueName\":\"search_term_string\"}}],\"inLanguage\":\"ca\"},{\"@type\":\"Organization\",\"@id\":\"https:\\\/\\\/www.fincasolivares.com\\\/ca\\\/#organization\",\"name\":\"Fincas Olivares\",\"url\":\"https:\\\/\\\/www.fincasolivares.com\\\/ca\\\/\",\"logo\":{\"@type\":\"ImageObject\",\"inLanguage\":\"ca\",\"@id\":\"https:\\\/\\\/www.fincasolivares.com\\\/ca\\\/#\\\/schema\\\/logo\\\/image\\\/\",\"url\":\"https:\\\/\\\/www.fincasolivares.com\\\/wp-content\\\/uploads\\\/2021\\\/07\\\/Logo-Olivares-1.png\",\"contentUrl\":\"https:\\\/\\\/www.fincasolivares.com\\\/wp-content\\\/uploads\\\/2021\\\/07\\\/Logo-Olivares-1.png\",\"width\":288,\"height\":288,\"caption\":\"Fincas Olivares\"},\"image\":{\"@id\":\"https:\\\/\\\/www.fincasolivares.com\\\/ca\\\/#\\\/schema\\\/logo\\\/image\\\/\"},\"sameAs\":[\"https:\\\/\\\/www.facebook.com\\\/FincasOlivares\"]}]}<\/script>\n<!-- \/ Yoast SEO plugin. -->","yoast_head_json":{"title":"Mediaci\u00f3 - Fincas Olivares","robots":{"index":"index","follow":"follow","max-snippet":"max-snippet:-1","max-image-preview":"max-image-preview:large","max-video-preview":"max-video-preview:-1"},"canonical":"https:\/\/www.fincasolivares.com\/ca\/servies\/mediacio-barcelona\/","og_locale":"ca_ES","og_type":"article","og_title":"Mediaci\u00f3 - Fincas Olivares","og_description":"Mediaci\u00f3 \u00c9s una via alternativa de resoluci\u00f3 de conflictes en qu\u00e8 un tercer neutral i imparcial, el mediador, ajuda a les parts a arribar a un acord en el seu conflicte.Voluntarietat: \u00e9s un proc\u00e9s totalment voluntari, tant per a les parts com per al mediador, i de qu\u00e8 poden desistir en qualsevol moment. Confidencialitat: tant [&hellip;]","og_url":"https:\/\/www.fincasolivares.com\/ca\/servies\/mediacio-barcelona\/","og_site_name":"Fincas Olivares","article_publisher":"https:\/\/www.facebook.com\/FincasOlivares","article_modified_time":"2021-10-04T11:57:43+00:00","og_image":[{"width":1080,"height":1080,"url":"https:\/\/www.fincasolivares.com\/wp-content\/uploads\/2021\/12\/Fincas-Olivares-Servicio-de-mediacion-inmobiliaria-en-Barcelona.jpg","type":"image\/jpeg"}],"twitter_card":"summary_large_image","twitter_misc":{"Temps estimat de lectura":"1 minut"},"schema":{"@context":"https:\/\/schema.org","@graph":[{"@type":"WebPage","@id":"https:\/\/www.fincasolivares.com\/ca\/servies\/mediacio-barcelona\/","url":"https:\/\/www.fincasolivares.com\/ca\/servies\/mediacio-barcelona\/","name":"Mediaci\u00f3 - Fincas Olivares","isPartOf":{"@id":"https:\/\/www.fincasolivares.com\/ca\/#website"},"primaryImageOfPage":{"@id":"https:\/\/www.fincasolivares.com\/ca\/servies\/mediacio-barcelona\/#primaryimage"},"image":{"@id":"https:\/\/www.fincasolivares.com\/ca\/servies\/mediacio-barcelona\/#primaryimage"},"thumbnailUrl":"https:\/\/www.fincasolivares.com\/wp-content\/uploads\/2021\/12\/Fincas-Olivares-Servicio-de-mediacion-inmobiliaria-en-Barcelona.jpg","datePublished":"2021-07-15T14:07:13+00:00","dateModified":"2021-10-04T11:57:43+00:00","breadcrumb":{"@id":"https:\/\/www.fincasolivares.com\/ca\/servies\/mediacio-barcelona\/#breadcrumb"},"inLanguage":"ca","potentialAction":[{"@type":"ReadAction","target":["https:\/\/www.fincasolivares.com\/ca\/servies\/mediacio-barcelona\/"]}]},{"@type":"ImageObject","inLanguage":"ca","@id":"https:\/\/www.fincasolivares.com\/ca\/servies\/mediacio-barcelona\/#primaryimage","url":"https:\/\/www.fincasolivares.com\/wp-content\/uploads\/2021\/12\/Fincas-Olivares-Servicio-de-mediacion-inmobiliaria-en-Barcelona.jpg","contentUrl":"https:\/\/www.fincasolivares.com\/wp-content\/uploads\/2021\/12\/Fincas-Olivares-Servicio-de-mediacion-inmobiliaria-en-Barcelona.jpg","width":1080,"height":1080,"caption":"Fincas Olivares | Servicio de mediaci\u00f3n inmobiliaria en Barcelona"},{"@type":"BreadcrumbList","@id":"https:\/\/www.fincasolivares.com\/ca\/servies\/mediacio-barcelona\/#breadcrumb","itemListElement":[{"@type":"ListItem","position":1,"name":"Portada","item":"https:\/\/www.fincasolivares.com\/ca\/"},{"@type":"ListItem","position":2,"name":"Servies","item":"https:\/\/www.fincasolivares.com\/ca\/servies\/"},{"@type":"ListItem","position":3,"name":"Mediaci\u00f3"}]},{"@type":"WebSite","@id":"https:\/\/www.fincasolivares.com\/ca\/#website","url":"https:\/\/www.fincasolivares.com\/ca\/","name":"Fincas Olivares","description":"Administrador de Fincas en Barcelona","publisher":{"@id":"https:\/\/www.fincasolivares.com\/ca\/#organization"},"potentialAction":[{"@type":"SearchAction","target":{"@type":"EntryPoint","urlTemplate":"https:\/\/www.fincasolivares.com\/ca\/?s={search_term_string}"},"query-input":{"@type":"PropertyValueSpecification","valueRequired":true,"valueName":"search_term_string"}}],"inLanguage":"ca"},{"@type":"Organization","@id":"https:\/\/www.fincasolivares.com\/ca\/#organization","name":"Fincas Olivares","url":"https:\/\/www.fincasolivares.com\/ca\/","logo":{"@type":"ImageObject","inLanguage":"ca","@id":"https:\/\/www.fincasolivares.com\/ca\/#\/schema\/logo\/image\/","url":"https:\/\/www.fincasolivares.com\/wp-content\/uploads\/2021\/07\/Logo-Olivares-1.png","contentUrl":"https:\/\/www.fincasolivares.com\/wp-content\/uploads\/2021\/07\/Logo-Olivares-1.png","width":288,"height":288,"caption":"Fincas Olivares"},"image":{"@id":"https:\/\/www.fincasolivares.com\/ca\/#\/schema\/logo\/image\/"},"sameAs":["https:\/\/www.facebook.com\/FincasOlivares"]}]}},"_links":{"self":[{"href":"https:\/\/www.fincasolivares.com\/ca\/wp-json\/wp\/v2\/pages\/338923","targetHints":{"allow":["GET"]}}],"collection":[{"href":"https:\/\/www.fincasolivares.com\/ca\/wp-json\/wp\/v2\/pages"}],"about":[{"href":"https:\/\/www.fincasolivares.com\/ca\/wp-json\/wp\/v2\/types\/page"}],"author":[{"embeddable":true,"href":"https:\/\/www.fincasolivares.com\/ca\/wp-json\/wp\/v2\/users\/7"}],"replies":[{"embeddable":true,"href":"https:\/\/www.fincasolivares.com\/ca\/wp-json\/wp\/v2\/comments?post=338923"}],"version-history":[{"count":0,"href":"https:\/\/www.fincasolivares.com\/ca\/wp-json\/wp\/v2\/pages\/338923\/revisions"}],"up":[{"embeddable":true,"href":"https:\/\/www.fincasolivares.com\/ca\/wp-json\/wp\/v2\/pages\/339429"}],"wp:featuredmedia":[{"embeddable":true,"href":"https:\/\/www.fincasolivares.com\/ca\/wp-json\/wp\/v2\/media\/347316"}],"wp:attachment":[{"href":"https:\/\/www.fincasolivares.com\/ca\/wp-json\/wp\/v2\/media?parent=338923"}],"curies":[{"name":"wp","href":"https:\/\/api.w.org\/{rel}","templated":true}]}}